{"id":584,"date":"2021-10-14T23:17:54","date_gmt":"2021-10-14T21:17:54","guid":{"rendered":"https:\/\/lacompagniedesbutineuses.com\/?page_id=584"},"modified":"2021-10-17T14:36:56","modified_gmt":"2021-10-17T12:36:56","slug":"contact","status":"publish","type":"page","link":"https:\/\/lacompagniedesbutineuses.com\/index.php\/contact\/","title":{"rendered":"Contact"},"content":{"rendered":"\n<p>Pour toute information compl\u00e9mentaire, difficult\u00e9 pour passer une commande, suggestion ou r\u00e9clamation veuillez remplir le formulaire.<\/p>\n\n\n<div class=\"wpforms-container wpforms-container-full wpforms-block\" id=\"wpforms-586\"><form id=\"wpforms-form-586\" class=\"wpforms-validate wpforms-form wpforms-ajax-form\" data-formid=\"586\" method=\"post\" enctype=\"multipart\/form-data\" action=\"\/index.php\/wp-json\/wp\/v2\/pages\/584\" data-token=\"5a225f1acfd244a2692df230e24fc6f4\" data-token-time=\"1776315199\"><noscript class=\"wpforms-error-noscript\">Veuillez activer JavaScript dans votre navigateur pour remplir ce formulaire.<\/noscript><div class=\"wpforms-field-container\"><div id=\"wpforms-586-field_0-container\" class=\"wpforms-field wpforms-field-name\" data-field-id=\"0\"><label class=\"wpforms-field-label\">Nom <span class=\"wpforms-required-label\">*<\/span><\/label><div class=\"wpforms-field-row wpforms-field-medium\"><div class=\"wpforms-field-row-block wpforms-first wpforms-one-half\"><input type=\"text\" id=\"wpforms-586-field_0\" class=\"wpforms-field-name-first wpforms-field-required\" name=\"wpforms[fields][0][first]\" required><label for=\"wpforms-586-field_0\" class=\"wpforms-field-sublabel after\">Pr\u00e9nom<\/label><\/div><div class=\"wpforms-field-row-block wpforms-one-half\"><input type=\"text\" id=\"wpforms-586-field_0-last\" class=\"wpforms-field-name-last wpforms-field-required\" name=\"wpforms[fields][0][last]\" required><label for=\"wpforms-586-field_0-last\" class=\"wpforms-field-sublabel after\">Nom<\/label><\/div><\/div><\/div><div id=\"wpforms-586-field_1-container\" class=\"wpforms-field wpforms-field-email\" data-field-id=\"1\"><label class=\"wpforms-field-label\" for=\"wpforms-586-field_1\">Mail <span class=\"wpforms-required-label\">*<\/span><\/label><input type=\"email\" id=\"wpforms-586-field_1\" class=\"wpforms-field-medium wpforms-field-required\" name=\"wpforms[fields][1]\" spellcheck=\"false\" required><\/div><div id=\"wpforms-586-field_2-container\" class=\"wpforms-field wpforms-field-textarea\" data-field-id=\"2\"><label class=\"wpforms-field-label\" for=\"wpforms-586-field_2\">Commentaire ou Message <span class=\"wpforms-required-label\">*<\/span><\/label><textarea id=\"wpforms-586-field_2\" class=\"wpforms-field-medium wpforms-field-required\" name=\"wpforms[fields][2]\" required><\/textarea><\/div><div id=\"wpforms-586-field_3-container\" class=\"wpforms-field wpforms-field-checkbox\" data-field-id=\"3\"><ul id=\"wpforms-586-field_3\"><li class=\"choice-1 depth-1\"><input type=\"checkbox\" id=\"wpforms-586-field_3_1\" name=\"wpforms[fields][3][]\" value=\"Je souhaite de recevoir la lettre d&#039;information\"  ><label class=\"wpforms-field-label-inline\" for=\"wpforms-586-field_3_1\">Je souhaite de recevoir la lettre d&rsquo;information<\/label><\/li><\/ul><\/div><\/div><!-- .wpforms-field-container --><div class=\"wpforms-recaptcha-container wpforms-is-recaptcha wpforms-is-recaptcha-type-v3\" ><input type=\"hidden\" name=\"wpforms[recaptcha]\" value=\"\"><\/div><div class=\"wpforms-submit-container\" ><input type=\"hidden\" name=\"wpforms[id]\" value=\"586\"><input type=\"hidden\" name=\"page_title\" value=\"\"><input type=\"hidden\" name=\"page_url\" value=\"https:\/\/lacompagniedesbutineuses.com\/index.php\/wp-json\/wp\/v2\/pages\/584\"><input type=\"hidden\" name=\"url_referer\" value=\"\"><button type=\"submit\" name=\"wpforms[submit]\" id=\"wpforms-submit-586\" class=\"wpforms-submit\" data-alt-text=\"Envoi en cours ...\" data-submit-text=\"Envoyer\" aria-live=\"assertive\" value=\"wpforms-submit\">Envoyer<\/button><img loading=\"lazy\" decoding=\"async\" src=\"https:\/\/lacompagniedesbutineuses.com\/wp-content\/plugins\/wpforms-lite\/assets\/images\/submit-spin.svg\" class=\"wpforms-submit-spinner\" style=\"display: none;\" width=\"26\" height=\"26\" alt=\"Chargement en cours\"><\/div><\/form><\/div>  <!-- .wpforms-container -->\n\n\n<p><\/p>\n\n\n\n<p>La Compagnie des Butineuses<br>28, chemin du grand Montagn\u00e9<br>30400 Villeneuve-l\u00e8s-Avignon<\/p>\n\n\n\n<p>T\u00e9l : 06.16.66.15.66<\/p>\n","protected":false},"excerpt":{"rendered":"<p>Pour toute information compl\u00e9mentaire, difficult\u00e9 pour passer une commande, suggestion ou r\u00e9clamation veuillez remplir le formulaire. La Compagnie des Butineuses28, chemin du grand Montagn\u00e930400 Villeneuve-l\u00e8s-Avignon T\u00e9l : 06.16.66.15.66<\/p>\n","protected":false},"author":1,"featured_media":0,"parent":0,"menu_order":0,"comment_status":"closed","ping_status":"closed","template":"","meta":{"_glsr_average":0,"_glsr_ranking":0,"_glsr_reviews":0,"footnotes":""},"class_list":["post-584","page","type-page","status-publish","hentry"],"_links":{"self":[{"href":"https:\/\/lacompagniedesbutineuses.com\/index.php\/wp-json\/wp\/v2\/pages\/584","targetHints":{"allow":["GET"]}}],"collection":[{"href":"https:\/\/lacompagniedesbutineuses.com\/index.php\/wp-json\/wp\/v2\/pages"}],"about":[{"href":"https:\/\/lacompagniedesbutineuses.com\/index.php\/wp-json\/wp\/v2\/types\/page"}],"author":[{"embeddable":true,"href":"https:\/\/lacompagniedesbutineuses.com\/index.php\/wp-json\/wp\/v2\/users\/1"}],"replies":[{"embeddable":true,"href":"https:\/\/lacompagniedesbutineuses.com\/index.php\/wp-json\/wp\/v2\/comments?post=584"}],"version-history":[{"count":7,"href":"https:\/\/lacompagniedesbutineuses.com\/index.php\/wp-json\/wp\/v2\/pages\/584\/revisions"}],"predecessor-version":[{"id":602,"href":"https:\/\/lacompagniedesbutineuses.com\/index.php\/wp-json\/wp\/v2\/pages\/584\/revisions\/602"}],"wp:attachment":[{"href":"https:\/\/lacompagniedesbutineuses.com\/index.php\/wp-json\/wp\/v2\/media?parent=584"}],"curies":[{"name":"wp","href":"https:\/\/api.w.org\/{rel}","templated":true}]}}