{"id":136,"date":"2020-11-08T12:08:36","date_gmt":"2020-11-08T11:08:36","guid":{"rendered":"https:\/\/lacompagniedesbutineuses.com\/?post_type=product&#038;p=136"},"modified":"2026-03-25T13:37:50","modified_gmt":"2026-03-25T12:37:50","slug":"miel-de-vraie-lavandin-bio-500g","status":"publish","type":"product","link":"https:\/\/lacompagniedesbutineuses.com\/index.php\/produit\/miel-de-vraie-lavandin-bio-500g\/","title":{"rendered":"Miel de Lavandin Bio"},"content":{"rendered":"<div class=\"text_justify\">Le miel que l\u2019on trouve sous l\u2018appellation \u00abmiel de lavande\u00bb est en r\u00e9alit\u00e9 presque syst\u00e9matiquement du miel de lavandin.<br \/>\nLe lavandin est une plante hybride issue du croisement de la lavande vraie (ou lavande fine) avec la lavande aspic. La culture du lavandin repr\u00e9sente plus de 90% par rapport a la lavande fine (ou lavande vraie).<br \/>\nLa lavande fine ou lavande vraie (c\u2019est la m\u00eame plante) pousse seulement au dessus de 800m d\u2019altitude et c\u2019est seulement au-dessus de 1000m d\u2019altitude que l\u2019on trouve des \u00e9tendues d\u00e9di\u00e9es \u00e0 la lavande vraie ou lavande fine. Seul ces secteurs permettent de produire un <a href=\"https:\/\/lacompagniedesbutineuses.com\/index.php\/produit\/miel-de-vraie-lavande-bio-500g\/\">miel de lavande vraie<\/a> pur, c\u2019est ce qui fait la raret\u00e9 de ce miel.R\u00e9colt\u00e9 dans la Dr\u00f4me et les Alpes de Hautes Provence.<\/p>\n<p>Texture : Cr\u00e9meuse.<\/p>\n<p>Effluves v\u00e9g\u00e9tales de type \u00ab\u00a0paille de lavandes s\u00e8ches\u00a0\u00bb, l\u00e9g\u00e8rement fruit\u00e9es. Ar\u00f4mes fruit\u00e9es de type amande douce, acidit\u00e9 faible, assez persistant.<\/p>\n<p>Poids Net : 500g<\/p>\n<\/div>\n","protected":false},"excerpt":{"rendered":"<p>Le miel que l\u2019on trouve sous l\u2018appellation \u00abmiel de lavande\u00bb est en r\u00e9alit\u00e9 presque syst\u00e9matiquement du miel de lavandin. Le lavandin est une plante hybride issue du croisement de la lavande vraie (ou lavande fine) avec la lavande aspic. La culture du lavandin repr\u00e9sente plus de 90% par rapport a la lavande fine (ou lavande <a href=\"https:\/\/lacompagniedesbutineuses.com\/index.php\/produit\/miel-de-vraie-lavandin-bio-500g\/\" class=\"read-more inline\">Read More<\/a><\/p>\n","protected":false},"featured_media":1554,"comment_status":"open","ping_status":"closed","template":"","meta":{"_glsr_average":0,"_glsr_ranking":0,"_glsr_reviews":0},"product_brand":[],"product_cat":[15],"product_tag":[],"class_list":{"0":"post-136","1":"product","2":"type-product","3":"status-publish","4":"has-post-thumbnail","6":"product_cat-miel","8":"first","9":"instock","10":"taxable","11":"shipping-taxable","12":"purchasable","13":"product-type-variable","14":"has-default-attributes"},"_links":{"self":[{"href":"https:\/\/lacompagniedesbutineuses.com\/index.php\/wp-json\/wp\/v2\/product\/136","targetHints":{"allow":["GET"]}}],"collection":[{"href":"https:\/\/lacompagniedesbutineuses.com\/index.php\/wp-json\/wp\/v2\/product"}],"about":[{"href":"https:\/\/lacompagniedesbutineuses.com\/index.php\/wp-json\/wp\/v2\/types\/product"}],"replies":[{"embeddable":true,"href":"https:\/\/lacompagniedesbutineuses.com\/index.php\/wp-json\/wp\/v2\/comments?post=136"}],"wp:featuredmedia":[{"embeddable":true,"href":"https:\/\/lacompagniedesbutineuses.com\/index.php\/wp-json\/wp\/v2\/media\/1554"}],"wp:attachment":[{"href":"https:\/\/lacompagniedesbutineuses.com\/index.php\/wp-json\/wp\/v2\/media?parent=136"}],"wp:term":[{"taxonomy":"product_brand","embeddable":true,"href":"https:\/\/lacompagniedesbutineuses.com\/index.php\/wp-json\/wp\/v2\/product_brand?post=136"},{"taxonomy":"product_cat","embeddable":true,"href":"https:\/\/lacompagniedesbutineuses.com\/index.php\/wp-json\/wp\/v2\/product_cat?post=136"},{"taxonomy":"product_tag","embeddable":true,"href":"https:\/\/lacompagniedesbutineuses.com\/index.php\/wp-json\/wp\/v2\/product_tag?post=136"}],"curies":[{"name":"wp","href":"https:\/\/api.w.org\/{rel}","templated":true}]}}