{"id":1362,"date":"2024-02-22T10:53:21","date_gmt":"2024-02-22T09:53:21","guid":{"rendered":"https:\/\/lacompagniedesbutineuses.com\/?post_type=product&#038;p=1362"},"modified":"2026-03-23T23:51:24","modified_gmt":"2026-03-23T22:51:24","slug":"pain-depices-bio","status":"publish","type":"product","link":"https:\/\/lacompagniedesbutineuses.com\/index.php\/produit\/pain-depices-bio\/","title":{"rendered":"Pain d&rsquo;\u00e9pices pur miel BIO"},"content":{"rendered":"<p>Notre pain d&rsquo;\u00e9pices bio est fabriqu\u00e9 avec 50 % de miel, miel issu uniquement de notre production. Il ne contient pas de sucre raffin\u00e9. Nous le fabriquons nous m\u00eame, c&rsquo;est donc un vrai pain d&rsquo;\u00e9pices artisanal !<br \/>\nIl est compos\u00e9 de miel, de farine de bl\u00e9 et de seigle, des \u00e9pices et c&rsquo;est tout, un pain d&rsquo;\u00e9pices authentique.<br \/>\nDisponible au format cake en 90g, 250g et 400g.<\/p>\n","protected":false},"excerpt":{"rendered":"<p>Notre pain d&rsquo;\u00e9pices bio est fabriqu\u00e9 avec 50 % de miel, miel issu uniquement de notre production. Il ne contient pas de sucre raffin\u00e9. Nous le fabriquons nous m\u00eame, c&rsquo;est donc un vrai pain d&rsquo;\u00e9pices artisanal ! Il est compos\u00e9 de miel, de farine de bl\u00e9 et de seigle, des \u00e9pices et c&rsquo;est tout, un <a href=\"https:\/\/lacompagniedesbutineuses.com\/index.php\/produit\/pain-depices-bio\/\" class=\"read-more inline\">Read More<\/a><\/p>\n","protected":false},"featured_media":1369,"comment_status":"open","ping_status":"closed","template":"","meta":{"_glsr_average":0,"_glsr_ranking":0,"_glsr_reviews":0},"product_brand":[],"product_cat":[44],"product_tag":[],"class_list":{"0":"post-1362","1":"product","2":"type-product","3":"status-publish","4":"has-post-thumbnail","6":"product_cat-patisserie","8":"first","9":"outofstock","10":"taxable","11":"shipping-taxable","12":"purchasable","13":"product-type-variable","14":"has-default-attributes"},"_links":{"self":[{"href":"https:\/\/lacompagniedesbutineuses.com\/index.php\/wp-json\/wp\/v2\/product\/1362","targetHints":{"allow":["GET"]}}],"collection":[{"href":"https:\/\/lacompagniedesbutineuses.com\/index.php\/wp-json\/wp\/v2\/product"}],"about":[{"href":"https:\/\/lacompagniedesbutineuses.com\/index.php\/wp-json\/wp\/v2\/types\/product"}],"replies":[{"embeddable":true,"href":"https:\/\/lacompagniedesbutineuses.com\/index.php\/wp-json\/wp\/v2\/comments?post=1362"}],"wp:featuredmedia":[{"embeddable":true,"href":"https:\/\/lacompagniedesbutineuses.com\/index.php\/wp-json\/wp\/v2\/media\/1369"}],"wp:attachment":[{"href":"https:\/\/lacompagniedesbutineuses.com\/index.php\/wp-json\/wp\/v2\/media?parent=1362"}],"wp:term":[{"taxonomy":"product_brand","embeddable":true,"href":"https:\/\/lacompagniedesbutineuses.com\/index.php\/wp-json\/wp\/v2\/product_brand?post=1362"},{"taxonomy":"product_cat","embeddable":true,"href":"https:\/\/lacompagniedesbutineuses.com\/index.php\/wp-json\/wp\/v2\/product_cat?post=1362"},{"taxonomy":"product_tag","embeddable":true,"href":"https:\/\/lacompagniedesbutineuses.com\/index.php\/wp-json\/wp\/v2\/product_tag?post=1362"}],"curies":[{"name":"wp","href":"https:\/\/api.w.org\/{rel}","templated":true}]}}