{"id":138,"date":"2020-11-08T12:16:45","date_gmt":"2020-11-08T11:16:45","guid":{"rendered":"https:\/\/lacompagniedesbutineuses.com\/?post_type=product&#038;p=138"},"modified":"2026-05-05T12:20:53","modified_gmt":"2026-05-05T10:20:53","slug":"miel-de-garrigue-bio-500g","status":"publish","type":"product","link":"https:\/\/lacompagniedesbutineuses.com\/index.php\/produit\/miel-de-garrigue-bio-500g\/","title":{"rendered":"Miel de Garrigue Bio"},"content":{"rendered":"<p><strong>M\u00e9daille d&rsquo;argent au concours des miels de France 2023<\/strong><\/p>\n<div class=\"text_justify\">\n<p>R\u00e9colt\u00e9 dans les garrigues alentour proches de Villeneuve les Avignon.<\/p>\n<p>Texture cr\u00e9meuse.<\/p>\n<p>Odeur bois\u00e9e, intensit\u00e9 \u00e9lev\u00e9e, persistance moyenne.<\/p>\n<p>Saveur bois\u00e9e, avec des notes fruit\u00e9es de type fruits rouges, Intensit\u00e9 forte, persistance soutenue.<\/p>\n<p>Flore pr\u00e9sente autour des ruchers : Doricnium, laurier tin, nerprun alaterne, romarin, thym, Ch\u00eane vert, amandier, cistes, bupl\u00e8vre &#8230;<\/p>\n<p>Poids Net : 125g, 250g, 500g<\/p>\n<\/div>\n","protected":false},"excerpt":{"rendered":"<p>M\u00e9daille d&rsquo;argent au concours des miels de France 2023 R\u00e9colt\u00e9 dans les garrigues alentour proches de Villeneuve les Avignon. Texture cr\u00e9meuse. Odeur bois\u00e9e, intensit\u00e9 \u00e9lev\u00e9e, persistance moyenne. Saveur bois\u00e9e, avec des notes fruit\u00e9es de type fruits rouges, Intensit\u00e9 forte, persistance soutenue. Flore pr\u00e9sente autour des ruchers : Doricnium, laurier tin, nerprun alaterne, romarin, thym, Ch\u00eane <a href=\"https:\/\/lacompagniedesbutineuses.com\/index.php\/produit\/miel-de-garrigue-bio-500g\/\" class=\"read-more inline\">Read More<\/a><\/p>\n","protected":false},"featured_media":1551,"comment_status":"open","ping_status":"closed","template":"","meta":{"_glsr_average":0,"_glsr_ranking":0,"_glsr_reviews":0},"product_brand":[],"product_cat":[15],"product_tag":[],"class_list":{"0":"post-138","1":"product","2":"type-product","3":"status-publish","4":"has-post-thumbnail","6":"product_cat-miel","8":"first","9":"instock","10":"taxable","11":"shipping-taxable","12":"purchasable","13":"product-type-variable","14":"has-default-attributes"},"_links":{"self":[{"href":"https:\/\/lacompagniedesbutineuses.com\/index.php\/wp-json\/wp\/v2\/product\/138","targetHints":{"allow":["GET"]}}],"collection":[{"href":"https:\/\/lacompagniedesbutineuses.com\/index.php\/wp-json\/wp\/v2\/product"}],"about":[{"href":"https:\/\/lacompagniedesbutineuses.com\/index.php\/wp-json\/wp\/v2\/types\/product"}],"replies":[{"embeddable":true,"href":"https:\/\/lacompagniedesbutineuses.com\/index.php\/wp-json\/wp\/v2\/comments?post=138"}],"wp:featuredmedia":[{"embeddable":true,"href":"https:\/\/lacompagniedesbutineuses.com\/index.php\/wp-json\/wp\/v2\/media\/1551"}],"wp:attachment":[{"href":"https:\/\/lacompagniedesbutineuses.com\/index.php\/wp-json\/wp\/v2\/media?parent=138"}],"wp:term":[{"taxonomy":"product_brand","embeddable":true,"href":"https:\/\/lacompagniedesbutineuses.com\/index.php\/wp-json\/wp\/v2\/product_brand?post=138"},{"taxonomy":"product_cat","embeddable":true,"href":"https:\/\/lacompagniedesbutineuses.com\/index.php\/wp-json\/wp\/v2\/product_cat?post=138"},{"taxonomy":"product_tag","embeddable":true,"href":"https:\/\/lacompagniedesbutineuses.com\/index.php\/wp-json\/wp\/v2\/product_tag?post=138"}],"curies":[{"name":"wp","href":"https:\/\/api.w.org\/{rel}","templated":true}]}}