{"id":1413,"date":"2024-02-23T11:21:52","date_gmt":"2024-02-23T10:21:52","guid":{"rendered":"https:\/\/lacompagniedesbutineuses.com\/?post_type=product&#038;p=1413"},"modified":"2026-03-14T10:33:54","modified_gmt":"2026-03-14T09:33:54","slug":"nougat-noir-tendre-bio","status":"publish","type":"product","link":"https:\/\/lacompagniedesbutineuses.com\/index.php\/produit\/nougat-noir-tendre-bio\/","title":{"rendered":"Nougat noir tendre BIO"},"content":{"rendered":"<p><strong>M\u00e9daille d\u2019or au concours des miels de France 2023 !!!<\/strong><br \/>\nNotre nougat noir bio est fabriqu\u00e9 avec 50 % de miel et 50% d&rsquo;amande de Provence, le miel issu uniquement de notre production, c&rsquo;est notre miel de lavandin, nous achetons les amandes bio \u00e0 un producteur local. Il ne contient pas de sucre raffin\u00e9. Nous le fabriquons nous m\u00eame, c\u2019est donc un vrai nougat artisanal !<br \/>\nDisponible en barre de 100g.<\/p>\n","protected":false},"excerpt":{"rendered":"<p>M\u00e9daille d\u2019or au concours des miels de France 2023 !!! Notre nougat noir bio est fabriqu\u00e9 avec 50 % de miel et 50% d&rsquo;amande de Provence, le miel issu uniquement de notre production, c&rsquo;est notre miel de lavandin, nous achetons les amandes bio \u00e0 un producteur local. Il ne contient pas de sucre raffin\u00e9. Nous <a href=\"https:\/\/lacompagniedesbutineuses.com\/index.php\/produit\/nougat-noir-tendre-bio\/\" class=\"read-more inline\">Read More<\/a><\/p>\n","protected":false},"featured_media":1657,"comment_status":"open","ping_status":"closed","template":"","meta":{"_glsr_average":0,"_glsr_ranking":0,"_glsr_reviews":0},"product_brand":[],"product_cat":[15],"product_tag":[],"class_list":{"0":"post-1413","1":"product","2":"type-product","3":"status-publish","4":"has-post-thumbnail","6":"product_cat-miel","8":"first","9":"instock","10":"taxable","11":"shipping-taxable","12":"purchasable","13":"product-type-simple"},"_links":{"self":[{"href":"https:\/\/lacompagniedesbutineuses.com\/index.php\/wp-json\/wp\/v2\/product\/1413","targetHints":{"allow":["GET"]}}],"collection":[{"href":"https:\/\/lacompagniedesbutineuses.com\/index.php\/wp-json\/wp\/v2\/product"}],"about":[{"href":"https:\/\/lacompagniedesbutineuses.com\/index.php\/wp-json\/wp\/v2\/types\/product"}],"replies":[{"embeddable":true,"href":"https:\/\/lacompagniedesbutineuses.com\/index.php\/wp-json\/wp\/v2\/comments?post=1413"}],"wp:featuredmedia":[{"embeddable":true,"href":"https:\/\/lacompagniedesbutineuses.com\/index.php\/wp-json\/wp\/v2\/media\/1657"}],"wp:attachment":[{"href":"https:\/\/lacompagniedesbutineuses.com\/index.php\/wp-json\/wp\/v2\/media?parent=1413"}],"wp:term":[{"taxonomy":"product_brand","embeddable":true,"href":"https:\/\/lacompagniedesbutineuses.com\/index.php\/wp-json\/wp\/v2\/product_brand?post=1413"},{"taxonomy":"product_cat","embeddable":true,"href":"https:\/\/lacompagniedesbutineuses.com\/index.php\/wp-json\/wp\/v2\/product_cat?post=1413"},{"taxonomy":"product_tag","embeddable":true,"href":"https:\/\/lacompagniedesbutineuses.com\/index.php\/wp-json\/wp\/v2\/product_tag?post=1413"}],"curies":[{"name":"wp","href":"https:\/\/api.w.org\/{rel}","templated":true}]}}