{"id":1528,"date":"2025-02-26T00:04:07","date_gmt":"2025-02-25T23:04:07","guid":{"rendered":"https:\/\/lacompagniedesbutineuses.com\/?post_type=product&#038;p=1528"},"modified":"2026-03-28T11:50:09","modified_gmt":"2026-03-28T10:50:09","slug":"miel-gingembre","status":"publish","type":"product","link":"https:\/\/lacompagniedesbutineuses.com\/index.php\/produit\/miel-gingembre\/","title":{"rendered":"Miel Gingembre"},"content":{"rendered":"<div class=\"text_justify\">R<br \/>\nSi vous appr\u00e9ciez le gingembre, vous allez \u00eatre positivement surpris par ce m\u00e9lange subtil avec le miel.Un m\u00e9lange de saveur entre le miel de garrigue qui est bois\u00e9 et fruit\u00e9 et le gingembre qui a des saveurs d&rsquo;agrumes.Poids Net : 125, 250g, 500g<\/p>\n<\/div>\n","protected":false},"excerpt":{"rendered":"<p>R Si vous appr\u00e9ciez le gingembre, vous allez \u00eatre positivement surpris par ce m\u00e9lange subtil avec le miel.Un m\u00e9lange de saveur entre le miel de garrigue qui est bois\u00e9 et fruit\u00e9 et le gingembre qui a des saveurs d&rsquo;agrumes.Poids Net : 125, 250g, 500g<\/p>\n","protected":false},"featured_media":1541,"comment_status":"open","ping_status":"closed","template":"","meta":{"_glsr_average":0,"_glsr_ranking":0,"_glsr_reviews":0},"product_brand":[],"product_cat":[15],"product_tag":[],"class_list":{"0":"post-1528","1":"product","2":"type-product","3":"status-publish","4":"has-post-thumbnail","6":"product_cat-miel","8":"first","9":"instock","10":"taxable","11":"shipping-taxable","12":"purchasable","13":"product-type-variable","14":"has-default-attributes"},"_links":{"self":[{"href":"https:\/\/lacompagniedesbutineuses.com\/index.php\/wp-json\/wp\/v2\/product\/1528","targetHints":{"allow":["GET"]}}],"collection":[{"href":"https:\/\/lacompagniedesbutineuses.com\/index.php\/wp-json\/wp\/v2\/product"}],"about":[{"href":"https:\/\/lacompagniedesbutineuses.com\/index.php\/wp-json\/wp\/v2\/types\/product"}],"replies":[{"embeddable":true,"href":"https:\/\/lacompagniedesbutineuses.com\/index.php\/wp-json\/wp\/v2\/comments?post=1528"}],"wp:featuredmedia":[{"embeddable":true,"href":"https:\/\/lacompagniedesbutineuses.com\/index.php\/wp-json\/wp\/v2\/media\/1541"}],"wp:attachment":[{"href":"https:\/\/lacompagniedesbutineuses.com\/index.php\/wp-json\/wp\/v2\/media?parent=1528"}],"wp:term":[{"taxonomy":"product_brand","embeddable":true,"href":"https:\/\/lacompagniedesbutineuses.com\/index.php\/wp-json\/wp\/v2\/product_brand?post=1528"},{"taxonomy":"product_cat","embeddable":true,"href":"https:\/\/lacompagniedesbutineuses.com\/index.php\/wp-json\/wp\/v2\/product_cat?post=1528"},{"taxonomy":"product_tag","embeddable":true,"href":"https:\/\/lacompagniedesbutineuses.com\/index.php\/wp-json\/wp\/v2\/product_tag?post=1528"}],"curies":[{"name":"wp","href":"https:\/\/api.w.org\/{rel}","templated":true}]}}