{"id":1542,"date":"2025-02-26T00:18:30","date_gmt":"2025-02-25T23:18:30","guid":{"rendered":"https:\/\/lacompagniedesbutineuses.com\/?post_type=product&#038;p=1542"},"modified":"2026-02-10T12:01:17","modified_gmt":"2026-02-10T11:01:17","slug":"ail-et-miel-fermentes","status":"publish","type":"product","link":"https:\/\/lacompagniedesbutineuses.com\/index.php\/produit\/ail-et-miel-fermentes\/","title":{"rendered":"Ail et Miel ferment\u00e9s"},"content":{"rendered":"<div class=\"text_justify\">Pour les amateurs d&rsquo;ail !<\/div>\n<div><\/div>\n<div>Improbable association au spectaculaire r\u00e9sultat.<\/div>\n<div>La rencontre de deux super aliments cru, effluves d\u2019ar\u00f4me in\u00e9dit du miel et de l&rsquo;ail. Les gousses d&rsquo;ail s&rsquo;utilisent comme vous le faites d&rsquo;habitude, agr\u00e9menter une vinaigrette&#8230; parfait aussi pour l&rsquo;ap\u00e9ro !<\/div>\n<div>Apporte une note sal\u00e9-sucr\u00e9 inimitable.<\/div>\n<div><\/div>\n<div class=\"text_justify\">Poids Net : 200g<\/div>\n","protected":false},"excerpt":{"rendered":"<p>Pour les amateurs d&rsquo;ail ! Improbable association au spectaculaire r\u00e9sultat. La rencontre de deux super aliments cru, effluves d\u2019ar\u00f4me in\u00e9dit du miel et de l&rsquo;ail. Les gousses d&rsquo;ail s&rsquo;utilisent comme vous le faites d&rsquo;habitude, agr\u00e9menter une vinaigrette&#8230; parfait aussi pour l&rsquo;ap\u00e9ro ! Apporte une note sal\u00e9-sucr\u00e9 inimitable. Poids Net : 200g<\/p>\n","protected":false},"featured_media":1546,"comment_status":"open","ping_status":"closed","template":"","meta":{"_glsr_average":0,"_glsr_ranking":0,"_glsr_reviews":0},"product_brand":[],"product_cat":[15],"product_tag":[],"class_list":{"0":"post-1542","1":"product","2":"type-product","3":"status-publish","4":"has-post-thumbnail","6":"product_cat-miel","8":"first","9":"instock","10":"taxable","11":"shipping-taxable","12":"purchasable","13":"product-type-simple"},"_links":{"self":[{"href":"https:\/\/lacompagniedesbutineuses.com\/index.php\/wp-json\/wp\/v2\/product\/1542","targetHints":{"allow":["GET"]}}],"collection":[{"href":"https:\/\/lacompagniedesbutineuses.com\/index.php\/wp-json\/wp\/v2\/product"}],"about":[{"href":"https:\/\/lacompagniedesbutineuses.com\/index.php\/wp-json\/wp\/v2\/types\/product"}],"replies":[{"embeddable":true,"href":"https:\/\/lacompagniedesbutineuses.com\/index.php\/wp-json\/wp\/v2\/comments?post=1542"}],"wp:featuredmedia":[{"embeddable":true,"href":"https:\/\/lacompagniedesbutineuses.com\/index.php\/wp-json\/wp\/v2\/media\/1546"}],"wp:attachment":[{"href":"https:\/\/lacompagniedesbutineuses.com\/index.php\/wp-json\/wp\/v2\/media?parent=1542"}],"wp:term":[{"taxonomy":"product_brand","embeddable":true,"href":"https:\/\/lacompagniedesbutineuses.com\/index.php\/wp-json\/wp\/v2\/product_brand?post=1542"},{"taxonomy":"product_cat","embeddable":true,"href":"https:\/\/lacompagniedesbutineuses.com\/index.php\/wp-json\/wp\/v2\/product_cat?post=1542"},{"taxonomy":"product_tag","embeddable":true,"href":"https:\/\/lacompagniedesbutineuses.com\/index.php\/wp-json\/wp\/v2\/product_tag?post=1542"}],"curies":[{"name":"wp","href":"https:\/\/api.w.org\/{rel}","templated":true}]}}