{"id":1556,"date":"2025-02-28T23:33:02","date_gmt":"2025-02-28T22:33:02","guid":{"rendered":"https:\/\/lacompagniedesbutineuses.com\/?post_type=product&#038;p=1556"},"modified":"2026-04-14T17:49:23","modified_gmt":"2026-04-14T15:49:23","slug":"miel-de-fleur-de-la-plaine-de-l-abbaye","status":"publish","type":"product","link":"https:\/\/lacompagniedesbutineuses.com\/index.php\/produit\/miel-de-fleur-de-la-plaine-de-l-abbaye\/","title":{"rendered":"Miel de Fleurs de la Plaine de l&rsquo;Abbaye"},"content":{"rendered":"<p>&nbsp;<\/p>\n<div class=\"text_justify\">Texture liquide.<br \/>\nMiel de fleurs de la plaine de l\u2019Abbaye \u00e0 Villeneuve-l\u00e8s-Avignon.<\/p>\n<p>Odeur bois\u00e9e, intensit\u00e9 \u00e9lev\u00e9e, persistance moyenne.<\/p>\n<p>Saveur Bois\u00e9e, avec des notes fruit\u00e9es de type fruits rouges, intensit\u00e9 forte, persistance soutenue.Poids Net : 125g, 250g, 500g<\/p>\n<\/div>\n","protected":false},"excerpt":{"rendered":"<p>&nbsp; Texture liquide. Miel de fleurs de la plaine de l\u2019Abbaye \u00e0 Villeneuve-l\u00e8s-Avignon. Odeur bois\u00e9e, intensit\u00e9 \u00e9lev\u00e9e, persistance moyenne. Saveur Bois\u00e9e, avec des notes fruit\u00e9es de type fruits rouges, intensit\u00e9 forte, persistance soutenue.Poids Net : 125g, 250g, 500g<\/p>\n","protected":false},"featured_media":1550,"comment_status":"open","ping_status":"closed","template":"","meta":{"_glsr_average":0,"_glsr_ranking":0,"_glsr_reviews":0},"product_brand":[],"product_cat":[15],"product_tag":[],"class_list":{"0":"post-1556","1":"product","2":"type-product","3":"status-publish","4":"has-post-thumbnail","6":"product_cat-miel","8":"first","9":"instock","10":"taxable","11":"shipping-taxable","12":"purchasable","13":"product-type-variable","14":"has-default-attributes"},"_links":{"self":[{"href":"https:\/\/lacompagniedesbutineuses.com\/index.php\/wp-json\/wp\/v2\/product\/1556","targetHints":{"allow":["GET"]}}],"collection":[{"href":"https:\/\/lacompagniedesbutineuses.com\/index.php\/wp-json\/wp\/v2\/product"}],"about":[{"href":"https:\/\/lacompagniedesbutineuses.com\/index.php\/wp-json\/wp\/v2\/types\/product"}],"replies":[{"embeddable":true,"href":"https:\/\/lacompagniedesbutineuses.com\/index.php\/wp-json\/wp\/v2\/comments?post=1556"}],"wp:featuredmedia":[{"embeddable":true,"href":"https:\/\/lacompagniedesbutineuses.com\/index.php\/wp-json\/wp\/v2\/media\/1550"}],"wp:attachment":[{"href":"https:\/\/lacompagniedesbutineuses.com\/index.php\/wp-json\/wp\/v2\/media?parent=1556"}],"wp:term":[{"taxonomy":"product_brand","embeddable":true,"href":"https:\/\/lacompagniedesbutineuses.com\/index.php\/wp-json\/wp\/v2\/product_brand?post=1556"},{"taxonomy":"product_cat","embeddable":true,"href":"https:\/\/lacompagniedesbutineuses.com\/index.php\/wp-json\/wp\/v2\/product_cat?post=1556"},{"taxonomy":"product_tag","embeddable":true,"href":"https:\/\/lacompagniedesbutineuses.com\/index.php\/wp-json\/wp\/v2\/product_tag?post=1556"}],"curies":[{"name":"wp","href":"https:\/\/api.w.org\/{rel}","templated":true}]}}