{"id":39,"date":"2020-11-07T19:12:14","date_gmt":"2020-11-07T18:12:14","guid":{"rendered":"https:\/\/lacompagniedesbutineuses.com\/?post_type=product&#038;p=39"},"modified":"2026-04-18T09:20:12","modified_gmt":"2026-04-18T07:20:12","slug":"miel-de-chataignier-bio","status":"publish","type":"product","link":"https:\/\/lacompagniedesbutineuses.com\/index.php\/produit\/miel-de-chataignier-bio\/","title":{"rendered":"Miel de Ch\u00e2taignier Bio"},"content":{"rendered":"<p><strong>M\u00e9daille d&rsquo;or au Concours G\u00e9n\u00e9ral Agricole 2026.<\/strong><br \/>\n<strong>M\u00e9daille de bronze au concours des miels de France 2023<\/strong><\/p>\n<div class=\"text_justify\">R\u00e9colt\u00e9 dans les C\u00e9vennes Ard\u00e9choises.<br \/>\nTexture liquide.<br \/>\nEffluves intenses et complexes de bois mouill\u00e9, \u00e9corces, tanins. Saveur chaude, riche, charpent\u00e9e, balsamique, astringente, persistante. Ar\u00f4me de cuir, bois tanis\u00e9.<\/p>\n<p>Riche en min\u00e9raux (potassium, magn\u00e9sium, mangan\u00e8se, cuivre, baryum &#8230;).<\/p>\n<p>Poids net : 125g, 250g 500g<\/p><\/div>\n","protected":false},"excerpt":{"rendered":"<p>M\u00e9daille d&rsquo;or au Concours G\u00e9n\u00e9ral Agricole 2026. M\u00e9daille de bronze au concours des miels de France 2023 R\u00e9colt\u00e9 dans les C\u00e9vennes Ard\u00e9choises. Texture liquide. Effluves intenses et complexes de bois mouill\u00e9, \u00e9corces, tanins. Saveur chaude, riche, charpent\u00e9e, balsamique, astringente, persistante. Ar\u00f4me de cuir, bois tanis\u00e9. Riche en min\u00e9raux (potassium, magn\u00e9sium, mangan\u00e8se, cuivre, baryum &#8230;). Poids <a href=\"https:\/\/lacompagniedesbutineuses.com\/index.php\/produit\/miel-de-chataignier-bio\/\" class=\"read-more inline\">Read More<\/a><\/p>\n","protected":false},"featured_media":1548,"comment_status":"open","ping_status":"closed","template":"","meta":{"_glsr_average":0,"_glsr_ranking":0,"_glsr_reviews":0},"product_brand":[],"product_cat":[15],"product_tag":[],"class_list":{"0":"post-39","1":"product","2":"type-product","3":"status-publish","4":"has-post-thumbnail","6":"product_cat-miel","8":"first","9":"instock","10":"taxable","11":"shipping-taxable","12":"purchasable","13":"product-type-variable","14":"has-default-attributes"},"_links":{"self":[{"href":"https:\/\/lacompagniedesbutineuses.com\/index.php\/wp-json\/wp\/v2\/product\/39","targetHints":{"allow":["GET"]}}],"collection":[{"href":"https:\/\/lacompagniedesbutineuses.com\/index.php\/wp-json\/wp\/v2\/product"}],"about":[{"href":"https:\/\/lacompagniedesbutineuses.com\/index.php\/wp-json\/wp\/v2\/types\/product"}],"replies":[{"embeddable":true,"href":"https:\/\/lacompagniedesbutineuses.com\/index.php\/wp-json\/wp\/v2\/comments?post=39"}],"wp:featuredmedia":[{"embeddable":true,"href":"https:\/\/lacompagniedesbutineuses.com\/index.php\/wp-json\/wp\/v2\/media\/1548"}],"wp:attachment":[{"href":"https:\/\/lacompagniedesbutineuses.com\/index.php\/wp-json\/wp\/v2\/media?parent=39"}],"wp:term":[{"taxonomy":"product_brand","embeddable":true,"href":"https:\/\/lacompagniedesbutineuses.com\/index.php\/wp-json\/wp\/v2\/product_brand?post=39"},{"taxonomy":"product_cat","embeddable":true,"href":"https:\/\/lacompagniedesbutineuses.com\/index.php\/wp-json\/wp\/v2\/product_cat?post=39"},{"taxonomy":"product_tag","embeddable":true,"href":"https:\/\/lacompagniedesbutineuses.com\/index.php\/wp-json\/wp\/v2\/product_tag?post=39"}],"curies":[{"name":"wp","href":"https:\/\/api.w.org\/{rel}","templated":true}]}}